{"id":12,"date":"2017-02-08T15:44:51","date_gmt":"2017-02-08T14:44:51","guid":{"rendered":"https:\/\/agami.com\/agami-corporate\/?page_id=12"},"modified":"2017-11-27T14:19:25","modified_gmt":"2017-11-27T13:19:25","slug":"temoignages","status":"publish","type":"page","link":"https:\/\/agami.com\/agami-corporate\/temoignages\/","title":{"rendered":"T\u00e9moignages clients"},"content":{"rendered":"<p>Les <a href=\"https:\/\/agami.com\/agami-corporate\/quelles-sont-nos-expertises\/\">probl\u00e9matiques <\/a>soulev\u00e9es par nos clients sont de nature multiple. De la structuration\u00a0\u00e0 la recherche de financement, en passant par des sujets de structuration, d\u2019immobilier ou de gouvernance d\u2019entreprise, notre <a href=\"https:\/\/agami.com\/agami-corporate\/\">mission <\/a>consiste \u00e0\u00a0les accompagner au quotidien pour qu\u2019ils puissent se consacrer au d\u00e9veloppement de leur <a href=\"https:\/\/youtu.be\/QHMfHE2e4Lk\" target=\"_blank\" rel=\"noopener\">activit\u00e9 <\/a>en toute s\u00e9r\u00e9nit\u00e9. Leurs t\u00e9moignages sont notre meilleure carte de visite.<\/p>\n","protected":false},"excerpt":{"rendered":"<p>Les probl\u00e9matiques soulev\u00e9es par nos clients sont de nature multiple. De la structuration\u00a0\u00e0 la recherche de financement, en passant par des sujets de structuration, d\u2019immobilier ou de gouvernance d\u2019entreprise, notre mission consiste \u00e0\u00a0les accompagner au quotidien pour qu\u2019ils puissent se (&#8230;)<\/p>\n","protected":false},"author":1,"featured_media":128,"parent":0,"menu_order":3,"comment_status":"closed","ping_status":"closed","template":"","meta":[],"acf":[],"yoast_head":"<!-- This site is optimized with the Yoast SEO plugin v20.1 - https:\/\/yoast.com\/wordpress\/plugins\/seo\/ -->\n<title>T\u00e9moignages clients - Agami Corporate patrimoine professionnel<\/title>\n<meta name=\"description\" content=\"Les t\u00e9moignages de nos clients entrepreneurs sont notre plus belle carte de visite : notre mission consiste \u00e0\u00a0les accompagner au quotidien (...)\" \/>\n<meta name=\"robots\" content=\"index, follow, max-snippet:-1, max-image-preview:large, max-video-preview:-1\" \/>\n<link rel=\"canonical\" href=\"https:\/\/agami.com\/agami-corporate\/temoignages\/\" \/>\n<meta property=\"og:locale\" content=\"fr_FR\" \/>\n<meta property=\"og:type\" content=\"article\" \/>\n<meta property=\"og:title\" content=\"T\u00e9moignages clients - Agami Corporate patrimoine professionnel\" \/>\n<meta property=\"og:description\" content=\"Les t\u00e9moignages de nos clients entrepreneurs sont notre plus belle carte de visite : notre mission consiste \u00e0\u00a0les accompagner au quotidien (...)\" \/>\n<meta property=\"og:url\" content=\"https:\/\/agami.com\/agami-corporate\/temoignages\/\" \/>\n<meta property=\"og:site_name\" content=\"Agami Corporate\" \/>\n<meta property=\"article:modified_time\" content=\"2017-11-27T13:19:25+00:00\" \/>\n<meta property=\"og:image\" content=\"https:\/\/agami.com\/content\/uploads\/sites\/4\/2017\/02\/AC-BDP3a.jpg\" \/>\n\t<meta property=\"og:image:width\" content=\"660\" \/>\n\t<meta property=\"og:image:height\" content=\"660\" \/>\n\t<meta property=\"og:image:type\" content=\"image\/jpeg\" \/>\n<meta name=\"twitter:card\" content=\"summary_large_image\" \/>\n<script type=\"application\/ld+json\" class=\"yoast-schema-graph\">{\"@context\":\"https:\/\/schema.org\",\"@graph\":[{\"@type\":\"WebPage\",\"@id\":\"https:\/\/agami.com\/agami-corporate\/temoignages\/\",\"url\":\"https:\/\/agami.com\/agami-corporate\/temoignages\/\",\"name\":\"T\u00e9moignages clients - Agami Corporate patrimoine professionnel\",\"isPartOf\":{\"@id\":\"https:\/\/agami.com\/agami-corporate\/#website\"},\"datePublished\":\"2017-02-08T14:44:51+00:00\",\"dateModified\":\"2017-11-27T13:19:25+00:00\",\"description\":\"Les t\u00e9moignages de nos clients entrepreneurs sont notre plus belle carte de visite : notre mission consiste \u00e0\u00a0les accompagner au quotidien (...)\",\"breadcrumb\":{\"@id\":\"https:\/\/agami.com\/agami-corporate\/temoignages\/#breadcrumb\"},\"inLanguage\":\"fr-FR\",\"potentialAction\":[{\"@type\":\"ReadAction\",\"target\":[\"https:\/\/agami.com\/agami-corporate\/temoignages\/\"]}]},{\"@type\":\"BreadcrumbList\",\"@id\":\"https:\/\/agami.com\/agami-corporate\/temoignages\/#breadcrumb\",\"itemListElement\":[{\"@type\":\"ListItem\",\"position\":1,\"name\":\"Accueil\",\"item\":\"https:\/\/agami.com\/agami-corporate\/\"},{\"@type\":\"ListItem\",\"position\":2,\"name\":\"T\u00e9moignages clients\"}]},{\"@type\":\"WebSite\",\"@id\":\"https:\/\/agami.com\/agami-corporate\/#website\",\"url\":\"https:\/\/agami.com\/agami-corporate\/\",\"name\":\"Agami Corporate\",\"description\":\"Un site utilisant Agami\",\"potentialAction\":[{\"@type\":\"SearchAction\",\"target\":{\"@type\":\"EntryPoint\",\"urlTemplate\":\"https:\/\/agami.com\/agami-corporate\/?s={search_term_string}\"},\"query-input\":\"required name=search_term_string\"}],\"inLanguage\":\"fr-FR\"}]}<\/script>\n<!-- \/ Yoast SEO plugin. -->","yoast_head_json":{"title":"T\u00e9moignages clients - Agami Corporate patrimoine professionnel","description":"Les t\u00e9moignages de nos clients entrepreneurs sont notre plus belle carte de visite : notre mission consiste \u00e0\u00a0les accompagner au quotidien (...)","robots":{"index":"index","follow":"follow","max-snippet":"max-snippet:-1","max-image-preview":"max-image-preview:large","max-video-preview":"max-video-preview:-1"},"canonical":"https:\/\/agami.com\/agami-corporate\/temoignages\/","og_locale":"fr_FR","og_type":"article","og_title":"T\u00e9moignages clients - Agami Corporate patrimoine professionnel","og_description":"Les t\u00e9moignages de nos clients entrepreneurs sont notre plus belle carte de visite : notre mission consiste \u00e0\u00a0les accompagner au quotidien (...)","og_url":"https:\/\/agami.com\/agami-corporate\/temoignages\/","og_site_name":"Agami Corporate","article_modified_time":"2017-11-27T13:19:25+00:00","og_image":[{"width":660,"height":660,"url":"https:\/\/agami.com\/content\/uploads\/sites\/4\/2017\/02\/AC-BDP3a.jpg","type":"image\/jpeg"}],"twitter_card":"summary_large_image","schema":{"@context":"https:\/\/schema.org","@graph":[{"@type":"WebPage","@id":"https:\/\/agami.com\/agami-corporate\/temoignages\/","url":"https:\/\/agami.com\/agami-corporate\/temoignages\/","name":"T\u00e9moignages clients - Agami Corporate patrimoine professionnel","isPartOf":{"@id":"https:\/\/agami.com\/agami-corporate\/#website"},"datePublished":"2017-02-08T14:44:51+00:00","dateModified":"2017-11-27T13:19:25+00:00","description":"Les t\u00e9moignages de nos clients entrepreneurs sont notre plus belle carte de visite : notre mission consiste \u00e0\u00a0les accompagner au quotidien (...)","breadcrumb":{"@id":"https:\/\/agami.com\/agami-corporate\/temoignages\/#breadcrumb"},"inLanguage":"fr-FR","potentialAction":[{"@type":"ReadAction","target":["https:\/\/agami.com\/agami-corporate\/temoignages\/"]}]},{"@type":"BreadcrumbList","@id":"https:\/\/agami.com\/agami-corporate\/temoignages\/#breadcrumb","itemListElement":[{"@type":"ListItem","position":1,"name":"Accueil","item":"https:\/\/agami.com\/agami-corporate\/"},{"@type":"ListItem","position":2,"name":"T\u00e9moignages clients"}]},{"@type":"WebSite","@id":"https:\/\/agami.com\/agami-corporate\/#website","url":"https:\/\/agami.com\/agami-corporate\/","name":"Agami Corporate","description":"Un site utilisant Agami","potentialAction":[{"@type":"SearchAction","target":{"@type":"EntryPoint","urlTemplate":"https:\/\/agami.com\/agami-corporate\/?s={search_term_string}"},"query-input":"required name=search_term_string"}],"inLanguage":"fr-FR"}]}},"_links":{"self":[{"href":"https:\/\/agami.com\/agami-corporate\/wp-json\/wp\/v2\/pages\/12"}],"collection":[{"href":"https:\/\/agami.com\/agami-corporate\/wp-json\/wp\/v2\/pages"}],"about":[{"href":"https:\/\/agami.com\/agami-corporate\/wp-json\/wp\/v2\/types\/page"}],"author":[{"embeddable":true,"href":"https:\/\/agami.com\/agami-corporate\/wp-json\/wp\/v2\/users\/1"}],"replies":[{"embeddable":true,"href":"https:\/\/agami.com\/agami-corporate\/wp-json\/wp\/v2\/comments?post=12"}],"version-history":[{"count":4,"href":"https:\/\/agami.com\/agami-corporate\/wp-json\/wp\/v2\/pages\/12\/revisions"}],"predecessor-version":[{"id":169,"href":"https:\/\/agami.com\/agami-corporate\/wp-json\/wp\/v2\/pages\/12\/revisions\/169"}],"wp:featuredmedia":[{"embeddable":true,"href":"https:\/\/agami.com\/agami-corporate\/wp-json\/wp\/v2\/media\/128"}],"wp:attachment":[{"href":"https:\/\/agami.com\/agami-corporate\/wp-json\/wp\/v2\/media?parent=12"}],"curies":[{"name":"wp","href":"https:\/\/api.w.org\/{rel}","templated":true}]}}