{"id":8,"date":"2017-02-08T15:42:52","date_gmt":"2017-02-08T14:42:52","guid":{"rendered":"https:\/\/agami.com\/agami-corporate\/?page_id=8"},"modified":"2023-10-16T10:35:58","modified_gmt":"2023-10-16T08:35:58","slug":"nos-expertises","status":"publish","type":"page","link":"https:\/\/agami.com\/agami-corporate\/nos-expertises\/","title":{"rendered":"Expertises et services"},"content":{"rendered":"<p>Notre <a href=\"https:\/\/agami.com\/agami-corporate\/\" target=\"_blank\" rel=\"noopener\">mission <\/a>est de vous aider \u00e0 structurer, optimiser et acc\u00e9l\u00e9rer votre d\u00e9veloppement par le biais d\u2019accompagnements ponctuels ou r\u00e9currents. Nous sommes \u00e0 vos c\u00f4t\u00e9s pour r\u00e9pondre \u00e0 vos probl\u00e9matiques et vous offrir un service sur-mesure pour appr\u00e9hender votre croissance en toute s\u00e9r\u00e9nit\u00e9. Etre accompagn\u00e9 d\u2019un <a href=\"https:\/\/youtu.be\/QHMfHE2e4Lk\" target=\"_blank\" rel=\"noopener\">corporate officer<\/a> vous garantit l\u2019avis d\u2019un expert d\u00e9di\u00e9 \u00e0 tout moment et permet d\u2019int\u00e9grer nos expertises globales, neutres et objectives sur votre projet.<\/p>\n","protected":false},"excerpt":{"rendered":"<p>Notre mission est de vous aider \u00e0 structurer, optimiser et acc\u00e9l\u00e9rer votre d\u00e9veloppement par le biais d\u2019accompagnements ponctuels ou r\u00e9currents. Nous sommes \u00e0 vos c\u00f4t\u00e9s pour r\u00e9pondre \u00e0 vos probl\u00e9matiques et vous offrir un service sur-mesure pour appr\u00e9hender votre croissance (&#8230;)<\/p>\n","protected":false},"author":1,"featured_media":126,"parent":0,"menu_order":1,"comment_status":"closed","ping_status":"closed","template":"","meta":[],"acf":[],"yoast_head":"<!-- This site is optimized with the Yoast SEO plugin v20.1 - https:\/\/yoast.com\/wordpress\/plugins\/seo\/ -->\n<title>Expertises d&#039;Agami Corporate patrimoine professionnel<\/title>\n<meta name=\"description\" content=\"Expertises : notre mission est de vous aider \u00e0 structurer, optimiser et acc\u00e9l\u00e9rer votre d\u00e9veloppement par un accompagnement ponctuel ou r\u00e9current.\" \/>\n<meta name=\"robots\" content=\"index, follow, max-snippet:-1, max-image-preview:large, max-video-preview:-1\" \/>\n<link rel=\"canonical\" href=\"https:\/\/agami.com\/agami-corporate\/nos-expertises\/\" \/>\n<meta property=\"og:locale\" content=\"fr_FR\" \/>\n<meta property=\"og:type\" content=\"article\" \/>\n<meta property=\"og:title\" content=\"Expertises d&#039;Agami Corporate patrimoine professionnel\" \/>\n<meta property=\"og:description\" content=\"Expertises : notre mission est de vous aider \u00e0 structurer, optimiser et acc\u00e9l\u00e9rer votre d\u00e9veloppement par un accompagnement ponctuel ou r\u00e9current.\" \/>\n<meta property=\"og:url\" content=\"https:\/\/agami.com\/agami-corporate\/nos-expertises\/\" \/>\n<meta property=\"og:site_name\" content=\"Agami Corporate\" \/>\n<meta property=\"article:modified_time\" content=\"2023-10-16T08:35:58+00:00\" \/>\n<meta property=\"og:image\" content=\"https:\/\/agami.com\/content\/uploads\/sites\/4\/2017\/02\/AC-BDP1a.jpg\" \/>\n\t<meta property=\"og:image:width\" content=\"660\" \/>\n\t<meta property=\"og:image:height\" content=\"660\" \/>\n\t<meta property=\"og:image:type\" content=\"image\/jpeg\" \/>\n<meta name=\"twitter:card\" content=\"summary_large_image\" \/>\n<meta name=\"twitter:label1\" content=\"Dur\u00e9e de lecture estim\u00e9e\" \/>\n\t<meta name=\"twitter:data1\" content=\"1 minute\" \/>\n<script type=\"application\/ld+json\" class=\"yoast-schema-graph\">{\"@context\":\"https:\/\/schema.org\",\"@graph\":[{\"@type\":\"WebPage\",\"@id\":\"https:\/\/agami.com\/agami-corporate\/nos-expertises\/\",\"url\":\"https:\/\/agami.com\/agami-corporate\/nos-expertises\/\",\"name\":\"Expertises d'Agami Corporate patrimoine professionnel\",\"isPartOf\":{\"@id\":\"https:\/\/agami.com\/agami-corporate\/#website\"},\"datePublished\":\"2017-02-08T14:42:52+00:00\",\"dateModified\":\"2023-10-16T08:35:58+00:00\",\"description\":\"Expertises : notre mission est de vous aider \u00e0 structurer, optimiser et acc\u00e9l\u00e9rer votre d\u00e9veloppement par un accompagnement ponctuel ou r\u00e9current.\",\"breadcrumb\":{\"@id\":\"https:\/\/agami.com\/agami-corporate\/nos-expertises\/#breadcrumb\"},\"inLanguage\":\"fr-FR\",\"potentialAction\":[{\"@type\":\"ReadAction\",\"target\":[\"https:\/\/agami.com\/agami-corporate\/nos-expertises\/\"]}]},{\"@type\":\"BreadcrumbList\",\"@id\":\"https:\/\/agami.com\/agami-corporate\/nos-expertises\/#breadcrumb\",\"itemListElement\":[{\"@type\":\"ListItem\",\"position\":1,\"name\":\"Accueil\",\"item\":\"https:\/\/agami.com\/agami-corporate\/\"},{\"@type\":\"ListItem\",\"position\":2,\"name\":\"Expertises et services\"}]},{\"@type\":\"WebSite\",\"@id\":\"https:\/\/agami.com\/agami-corporate\/#website\",\"url\":\"https:\/\/agami.com\/agami-corporate\/\",\"name\":\"Agami Corporate\",\"description\":\"Un site utilisant Agami\",\"potentialAction\":[{\"@type\":\"SearchAction\",\"target\":{\"@type\":\"EntryPoint\",\"urlTemplate\":\"https:\/\/agami.com\/agami-corporate\/?s={search_term_string}\"},\"query-input\":\"required name=search_term_string\"}],\"inLanguage\":\"fr-FR\"}]}<\/script>\n<!-- \/ Yoast SEO plugin. -->","yoast_head_json":{"title":"Expertises d'Agami Corporate patrimoine professionnel","description":"Expertises : notre mission est de vous aider \u00e0 structurer, optimiser et acc\u00e9l\u00e9rer votre d\u00e9veloppement par un accompagnement ponctuel ou r\u00e9current.","robots":{"index":"index","follow":"follow","max-snippet":"max-snippet:-1","max-image-preview":"max-image-preview:large","max-video-preview":"max-video-preview:-1"},"canonical":"https:\/\/agami.com\/agami-corporate\/nos-expertises\/","og_locale":"fr_FR","og_type":"article","og_title":"Expertises d'Agami Corporate patrimoine professionnel","og_description":"Expertises : notre mission est de vous aider \u00e0 structurer, optimiser et acc\u00e9l\u00e9rer votre d\u00e9veloppement par un accompagnement ponctuel ou r\u00e9current.","og_url":"https:\/\/agami.com\/agami-corporate\/nos-expertises\/","og_site_name":"Agami Corporate","article_modified_time":"2023-10-16T08:35:58+00:00","og_image":[{"width":660,"height":660,"url":"https:\/\/agami.com\/content\/uploads\/sites\/4\/2017\/02\/AC-BDP1a.jpg","type":"image\/jpeg"}],"twitter_card":"summary_large_image","twitter_misc":{"Dur\u00e9e de lecture estim\u00e9e":"1 minute"},"schema":{"@context":"https:\/\/schema.org","@graph":[{"@type":"WebPage","@id":"https:\/\/agami.com\/agami-corporate\/nos-expertises\/","url":"https:\/\/agami.com\/agami-corporate\/nos-expertises\/","name":"Expertises d'Agami Corporate patrimoine professionnel","isPartOf":{"@id":"https:\/\/agami.com\/agami-corporate\/#website"},"datePublished":"2017-02-08T14:42:52+00:00","dateModified":"2023-10-16T08:35:58+00:00","description":"Expertises : notre mission est de vous aider \u00e0 structurer, optimiser et acc\u00e9l\u00e9rer votre d\u00e9veloppement par un accompagnement ponctuel ou r\u00e9current.","breadcrumb":{"@id":"https:\/\/agami.com\/agami-corporate\/nos-expertises\/#breadcrumb"},"inLanguage":"fr-FR","potentialAction":[{"@type":"ReadAction","target":["https:\/\/agami.com\/agami-corporate\/nos-expertises\/"]}]},{"@type":"BreadcrumbList","@id":"https:\/\/agami.com\/agami-corporate\/nos-expertises\/#breadcrumb","itemListElement":[{"@type":"ListItem","position":1,"name":"Accueil","item":"https:\/\/agami.com\/agami-corporate\/"},{"@type":"ListItem","position":2,"name":"Expertises et services"}]},{"@type":"WebSite","@id":"https:\/\/agami.com\/agami-corporate\/#website","url":"https:\/\/agami.com\/agami-corporate\/","name":"Agami Corporate","description":"Un site utilisant Agami","potentialAction":[{"@type":"SearchAction","target":{"@type":"EntryPoint","urlTemplate":"https:\/\/agami.com\/agami-corporate\/?s={search_term_string}"},"query-input":"required name=search_term_string"}],"inLanguage":"fr-FR"}]}},"_links":{"self":[{"href":"https:\/\/agami.com\/agami-corporate\/wp-json\/wp\/v2\/pages\/8"}],"collection":[{"href":"https:\/\/agami.com\/agami-corporate\/wp-json\/wp\/v2\/pages"}],"about":[{"href":"https:\/\/agami.com\/agami-corporate\/wp-json\/wp\/v2\/types\/page"}],"author":[{"embeddable":true,"href":"https:\/\/agami.com\/agami-corporate\/wp-json\/wp\/v2\/users\/1"}],"replies":[{"embeddable":true,"href":"https:\/\/agami.com\/agami-corporate\/wp-json\/wp\/v2\/comments?post=8"}],"version-history":[{"count":5,"href":"https:\/\/agami.com\/agami-corporate\/wp-json\/wp\/v2\/pages\/8\/revisions"}],"predecessor-version":[{"id":190,"href":"https:\/\/agami.com\/agami-corporate\/wp-json\/wp\/v2\/pages\/8\/revisions\/190"}],"wp:featuredmedia":[{"embeddable":true,"href":"https:\/\/agami.com\/agami-corporate\/wp-json\/wp\/v2\/media\/126"}],"wp:attachment":[{"href":"https:\/\/agami.com\/agami-corporate\/wp-json\/wp\/v2\/media?parent=8"}],"curies":[{"name":"wp","href":"https:\/\/api.w.org\/{rel}","templated":true}]}}