{"id":33,"date":"2017-02-08T15:41:18","date_gmt":"2017-02-08T14:41:18","guid":{"rendered":"https:\/\/agami.com\/agami-family-office\/?page_id=33"},"modified":"2023-10-16T10:31:41","modified_gmt":"2023-10-16T08:31:41","slug":"le-family-office-en-20-questions","status":"publish","type":"page","link":"https:\/\/agami.com\/agami-family-office\/le-family-office-en-20-questions\/","title":{"rendered":"Le Family Office en 20 questions"},"content":{"rendered":"<p>Vous savez que vous avez besoin de l\u2019accompagnement d\u2019un <a href=\"https:\/\/agami.com\/agami-family-office\/quelles-sont-nos-expertises\/\" target=\"_blank\" rel=\"noopener\">professionnel<\/a>. Nous r\u00e9pondons ici aux questions que vous pouvez vous poser sur la d\u00e9finition, les <a href=\"https:\/\/youtu.be\/Li3idBEwANA\" target=\"_blank\" rel=\"noopener\">missions <\/a>et les <a href=\"https:\/\/youtu.be\/aO56kPbAAZc\" target=\"_blank\" rel=\"noopener\">services <\/a>apport\u00e9s par un multi-family office, et ses <a href=\"https:\/\/youtu.be\/equ63X9SwKE\" target=\"_blank\" rel=\"noopener\">diff\u00e9rences <\/a>avec d\u2019autres structures de gestion de patrimoine.<\/p>\n","protected":false},"excerpt":{"rendered":"<p>Vous savez que vous avez besoin de l\u2019accompagnement d\u2019un professionnel. Nous r\u00e9pondons ici aux questions que vous pouvez vous poser sur la d\u00e9finition, les missions et les services apport\u00e9s par un multi-family office, et ses diff\u00e9rences avec d\u2019autres structures de (&#8230;)<\/p>\n","protected":false},"author":1,"featured_media":102,"parent":0,"menu_order":2,"comment_status":"closed","ping_status":"closed","template":"","meta":[],"acf":[],"yoast_head":"<!-- This site is optimized with the Yoast SEO plugin v20.1 - https:\/\/yoast.com\/wordpress\/plugins\/seo\/ -->\n<title>Agami family office patrimoine priv\u00e9, les 20 questions que vous vous posez<\/title>\n<meta name=\"description\" content=\"Les questions que vous vous posez sur la d\u00e9finition, les missions et les services apport\u00e9s par un family office et les diff\u00e9rences avec d&#039;autres structures\" \/>\n<meta name=\"robots\" content=\"index, follow, max-snippet:-1, max-image-preview:large, max-video-preview:-1\" \/>\n<link rel=\"canonical\" href=\"https:\/\/agami.com\/agami-family-office\/le-family-office-en-20-questions\/\" \/>\n<meta property=\"og:locale\" content=\"fr_FR\" \/>\n<meta property=\"og:type\" content=\"article\" \/>\n<meta property=\"og:title\" content=\"Agami family office patrimoine priv\u00e9, les 20 questions que vous vous posez\" \/>\n<meta property=\"og:description\" content=\"Les questions que vous vous posez sur la d\u00e9finition, les missions et les services apport\u00e9s par un family office et les diff\u00e9rences avec d&#039;autres structures\" \/>\n<meta property=\"og:url\" content=\"https:\/\/agami.com\/agami-family-office\/le-family-office-en-20-questions\/\" \/>\n<meta property=\"og:site_name\" content=\"Agami Family Office\" \/>\n<meta property=\"article:modified_time\" content=\"2023-10-16T08:31:41+00:00\" \/>\n<meta property=\"og:image\" content=\"https:\/\/agami.com\/content\/uploads\/sites\/3\/2017\/02\/AF-BDP1a.jpg\" \/>\n\t<meta property=\"og:image:width\" content=\"660\" \/>\n\t<meta property=\"og:image:height\" content=\"660\" \/>\n\t<meta property=\"og:image:type\" content=\"image\/jpeg\" \/>\n<meta name=\"twitter:card\" content=\"summary_large_image\" \/>\n<meta name=\"twitter:label1\" content=\"Dur\u00e9e de lecture estim\u00e9e\" \/>\n\t<meta name=\"twitter:data1\" content=\"1 minute\" \/>\n<script type=\"application\/ld+json\" class=\"yoast-schema-graph\">{\"@context\":\"https:\/\/schema.org\",\"@graph\":[{\"@type\":\"WebPage\",\"@id\":\"https:\/\/agami.com\/agami-family-office\/le-family-office-en-20-questions\/\",\"url\":\"https:\/\/agami.com\/agami-family-office\/le-family-office-en-20-questions\/\",\"name\":\"Agami family office patrimoine priv\u00e9, les 20 questions que vous vous posez\",\"isPartOf\":{\"@id\":\"https:\/\/agami.com\/agami-family-office\/#website\"},\"datePublished\":\"2017-02-08T14:41:18+00:00\",\"dateModified\":\"2023-10-16T08:31:41+00:00\",\"description\":\"Les questions que vous vous posez sur la d\u00e9finition, les missions et les services apport\u00e9s par un family office et les diff\u00e9rences avec d'autres structures\",\"breadcrumb\":{\"@id\":\"https:\/\/agami.com\/agami-family-office\/le-family-office-en-20-questions\/#breadcrumb\"},\"inLanguage\":\"fr-FR\",\"potentialAction\":[{\"@type\":\"ReadAction\",\"target\":[\"https:\/\/agami.com\/agami-family-office\/le-family-office-en-20-questions\/\"]}]},{\"@type\":\"BreadcrumbList\",\"@id\":\"https:\/\/agami.com\/agami-family-office\/le-family-office-en-20-questions\/#breadcrumb\",\"itemListElement\":[{\"@type\":\"ListItem\",\"position\":1,\"name\":\"Accueil\",\"item\":\"https:\/\/agami.com\/agami-family-office\/\"},{\"@type\":\"ListItem\",\"position\":2,\"name\":\"Le Family Office en 20 questions\"}]},{\"@type\":\"WebSite\",\"@id\":\"https:\/\/agami.com\/agami-family-office\/#website\",\"url\":\"https:\/\/agami.com\/agami-family-office\/\",\"name\":\"Agami Family Office\",\"description\":\"Un site utilisant Agami\",\"potentialAction\":[{\"@type\":\"SearchAction\",\"target\":{\"@type\":\"EntryPoint\",\"urlTemplate\":\"https:\/\/agami.com\/agami-family-office\/?s={search_term_string}\"},\"query-input\":\"required name=search_term_string\"}],\"inLanguage\":\"fr-FR\"}]}<\/script>\n<!-- \/ Yoast SEO plugin. -->","yoast_head_json":{"title":"Agami family office patrimoine priv\u00e9, les 20 questions que vous vous posez","description":"Les questions que vous vous posez sur la d\u00e9finition, les missions et les services apport\u00e9s par un family office et les diff\u00e9rences avec d'autres structures","robots":{"index":"index","follow":"follow","max-snippet":"max-snippet:-1","max-image-preview":"max-image-preview:large","max-video-preview":"max-video-preview:-1"},"canonical":"https:\/\/agami.com\/agami-family-office\/le-family-office-en-20-questions\/","og_locale":"fr_FR","og_type":"article","og_title":"Agami family office patrimoine priv\u00e9, les 20 questions que vous vous posez","og_description":"Les questions que vous vous posez sur la d\u00e9finition, les missions et les services apport\u00e9s par un family office et les diff\u00e9rences avec d'autres structures","og_url":"https:\/\/agami.com\/agami-family-office\/le-family-office-en-20-questions\/","og_site_name":"Agami Family Office","article_modified_time":"2023-10-16T08:31:41+00:00","og_image":[{"width":660,"height":660,"url":"https:\/\/agami.com\/content\/uploads\/sites\/3\/2017\/02\/AF-BDP1a.jpg","type":"image\/jpeg"}],"twitter_card":"summary_large_image","twitter_misc":{"Dur\u00e9e de lecture estim\u00e9e":"1 minute"},"schema":{"@context":"https:\/\/schema.org","@graph":[{"@type":"WebPage","@id":"https:\/\/agami.com\/agami-family-office\/le-family-office-en-20-questions\/","url":"https:\/\/agami.com\/agami-family-office\/le-family-office-en-20-questions\/","name":"Agami family office patrimoine priv\u00e9, les 20 questions que vous vous posez","isPartOf":{"@id":"https:\/\/agami.com\/agami-family-office\/#website"},"datePublished":"2017-02-08T14:41:18+00:00","dateModified":"2023-10-16T08:31:41+00:00","description":"Les questions que vous vous posez sur la d\u00e9finition, les missions et les services apport\u00e9s par un family office et les diff\u00e9rences avec d'autres structures","breadcrumb":{"@id":"https:\/\/agami.com\/agami-family-office\/le-family-office-en-20-questions\/#breadcrumb"},"inLanguage":"fr-FR","potentialAction":[{"@type":"ReadAction","target":["https:\/\/agami.com\/agami-family-office\/le-family-office-en-20-questions\/"]}]},{"@type":"BreadcrumbList","@id":"https:\/\/agami.com\/agami-family-office\/le-family-office-en-20-questions\/#breadcrumb","itemListElement":[{"@type":"ListItem","position":1,"name":"Accueil","item":"https:\/\/agami.com\/agami-family-office\/"},{"@type":"ListItem","position":2,"name":"Le Family Office en 20 questions"}]},{"@type":"WebSite","@id":"https:\/\/agami.com\/agami-family-office\/#website","url":"https:\/\/agami.com\/agami-family-office\/","name":"Agami Family Office","description":"Un site utilisant Agami","potentialAction":[{"@type":"SearchAction","target":{"@type":"EntryPoint","urlTemplate":"https:\/\/agami.com\/agami-family-office\/?s={search_term_string}"},"query-input":"required name=search_term_string"}],"inLanguage":"fr-FR"}]}},"_links":{"self":[{"href":"https:\/\/agami.com\/agami-family-office\/wp-json\/wp\/v2\/pages\/33"}],"collection":[{"href":"https:\/\/agami.com\/agami-family-office\/wp-json\/wp\/v2\/pages"}],"about":[{"href":"https:\/\/agami.com\/agami-family-office\/wp-json\/wp\/v2\/types\/page"}],"author":[{"embeddable":true,"href":"https:\/\/agami.com\/agami-family-office\/wp-json\/wp\/v2\/users\/1"}],"replies":[{"embeddable":true,"href":"https:\/\/agami.com\/agami-family-office\/wp-json\/wp\/v2\/comments?post=33"}],"version-history":[{"count":7,"href":"https:\/\/agami.com\/agami-family-office\/wp-json\/wp\/v2\/pages\/33\/revisions"}],"predecessor-version":[{"id":198,"href":"https:\/\/agami.com\/agami-family-office\/wp-json\/wp\/v2\/pages\/33\/revisions\/198"}],"wp:featuredmedia":[{"embeddable":true,"href":"https:\/\/agami.com\/agami-family-office\/wp-json\/wp\/v2\/media\/102"}],"wp:attachment":[{"href":"https:\/\/agami.com\/agami-family-office\/wp-json\/wp\/v2\/media?parent=33"}],"curies":[{"name":"wp","href":"https:\/\/api.w.org\/{rel}","templated":true}]}}