{"id":35,"date":"2017-02-08T15:41:35","date_gmt":"2017-02-08T14:41:35","guid":{"rendered":"https:\/\/agami.com\/agami-family-office\/?page_id=35"},"modified":"2019-11-14T10:44:05","modified_gmt":"2019-11-14T09:44:05","slug":"temoignages","status":"publish","type":"page","link":"https:\/\/agami.com\/agami-family-office\/temoignages\/","title":{"rendered":"T\u00e9moignages clients"},"content":{"rendered":"<p>Notre <a href=\"https:\/\/agami.com\/agami-family-office\/quelles-sont-nos-expertises\/\" target=\"_blank\" rel=\"noopener noreferrer\">mission <\/a>est de r\u00e9pondre aux probl\u00e9matiques de nos clients en leur apportant toute la satisfaction qu\u2019ils sont en droit d\u2019attendre, puis de les accompagner \u00e0 long terme sur la projection de leur patrimoine. Les t\u00e9moignages suivants sont notre meilleure carte de visite.<\/p>\n","protected":false},"excerpt":{"rendered":"<p>Notre mission est de r\u00e9pondre aux probl\u00e9matiques de nos clients en leur apportant toute la satisfaction qu\u2019ils sont en droit d\u2019attendre, puis de les accompagner \u00e0 long terme sur la projection de leur patrimoine. Les t\u00e9moignages suivants sont notre meilleure (&#8230;)<\/p>\n","protected":false},"author":1,"featured_media":105,"parent":0,"menu_order":3,"comment_status":"closed","ping_status":"closed","template":"","meta":[],"acf":[],"yoast_head":"<!-- This site is optimized with the Yoast SEO plugin v20.1 - https:\/\/yoast.com\/wordpress\/plugins\/seo\/ -->\n<title>T\u00e9moignages clients - Agami Family Office patrimoine priv\u00e9<\/title>\n<meta name=\"description\" content=\"Notre mission est de r\u00e9pondre aux probl\u00e9matiques de nos clients en leur apportant une pleine satisfaction. Ces t\u00e9moignages sont notre meilleure (...)\" \/>\n<meta name=\"robots\" content=\"index, follow, max-snippet:-1, max-image-preview:large, max-video-preview:-1\" \/>\n<link rel=\"canonical\" href=\"https:\/\/agami.com\/agami-family-office\/temoignages\/\" \/>\n<meta property=\"og:locale\" content=\"fr_FR\" \/>\n<meta property=\"og:type\" content=\"article\" \/>\n<meta property=\"og:title\" content=\"T\u00e9moignages clients - Agami Family Office patrimoine priv\u00e9\" \/>\n<meta property=\"og:description\" content=\"Notre mission est de r\u00e9pondre aux probl\u00e9matiques de nos clients en leur apportant une pleine satisfaction. Ces t\u00e9moignages sont notre meilleure (...)\" \/>\n<meta property=\"og:url\" content=\"https:\/\/agami.com\/agami-family-office\/temoignages\/\" \/>\n<meta property=\"og:site_name\" content=\"Agami Family Office\" \/>\n<meta property=\"article:modified_time\" content=\"2019-11-14T09:44:05+00:00\" \/>\n<meta property=\"og:image\" content=\"https:\/\/agami.com\/content\/uploads\/sites\/3\/2017\/02\/AF-BDP4a.jpg\" \/>\n\t<meta property=\"og:image:width\" content=\"660\" \/>\n\t<meta property=\"og:image:height\" content=\"660\" \/>\n\t<meta property=\"og:image:type\" content=\"image\/jpeg\" \/>\n<meta name=\"twitter:card\" content=\"summary_large_image\" \/>\n<script type=\"application\/ld+json\" class=\"yoast-schema-graph\">{\"@context\":\"https:\/\/schema.org\",\"@graph\":[{\"@type\":\"WebPage\",\"@id\":\"https:\/\/agami.com\/agami-family-office\/temoignages\/\",\"url\":\"https:\/\/agami.com\/agami-family-office\/temoignages\/\",\"name\":\"T\u00e9moignages clients - Agami Family Office patrimoine priv\u00e9\",\"isPartOf\":{\"@id\":\"https:\/\/agami.com\/agami-family-office\/#website\"},\"datePublished\":\"2017-02-08T14:41:35+00:00\",\"dateModified\":\"2019-11-14T09:44:05+00:00\",\"description\":\"Notre mission est de r\u00e9pondre aux probl\u00e9matiques de nos clients en leur apportant une pleine satisfaction. Ces t\u00e9moignages sont notre meilleure (...)\",\"breadcrumb\":{\"@id\":\"https:\/\/agami.com\/agami-family-office\/temoignages\/#breadcrumb\"},\"inLanguage\":\"fr-FR\",\"potentialAction\":[{\"@type\":\"ReadAction\",\"target\":[\"https:\/\/agami.com\/agami-family-office\/temoignages\/\"]}]},{\"@type\":\"BreadcrumbList\",\"@id\":\"https:\/\/agami.com\/agami-family-office\/temoignages\/#breadcrumb\",\"itemListElement\":[{\"@type\":\"ListItem\",\"position\":1,\"name\":\"Accueil\",\"item\":\"https:\/\/agami.com\/agami-family-office\/\"},{\"@type\":\"ListItem\",\"position\":2,\"name\":\"T\u00e9moignages clients\"}]},{\"@type\":\"WebSite\",\"@id\":\"https:\/\/agami.com\/agami-family-office\/#website\",\"url\":\"https:\/\/agami.com\/agami-family-office\/\",\"name\":\"Agami Family Office\",\"description\":\"Un site utilisant Agami\",\"potentialAction\":[{\"@type\":\"SearchAction\",\"target\":{\"@type\":\"EntryPoint\",\"urlTemplate\":\"https:\/\/agami.com\/agami-family-office\/?s={search_term_string}\"},\"query-input\":\"required name=search_term_string\"}],\"inLanguage\":\"fr-FR\"}]}<\/script>\n<!-- \/ Yoast SEO plugin. -->","yoast_head_json":{"title":"T\u00e9moignages clients - Agami Family Office patrimoine priv\u00e9","description":"Notre mission est de r\u00e9pondre aux probl\u00e9matiques de nos clients en leur apportant une pleine satisfaction. Ces t\u00e9moignages sont notre meilleure (...)","robots":{"index":"index","follow":"follow","max-snippet":"max-snippet:-1","max-image-preview":"max-image-preview:large","max-video-preview":"max-video-preview:-1"},"canonical":"https:\/\/agami.com\/agami-family-office\/temoignages\/","og_locale":"fr_FR","og_type":"article","og_title":"T\u00e9moignages clients - Agami Family Office patrimoine priv\u00e9","og_description":"Notre mission est de r\u00e9pondre aux probl\u00e9matiques de nos clients en leur apportant une pleine satisfaction. Ces t\u00e9moignages sont notre meilleure (...)","og_url":"https:\/\/agami.com\/agami-family-office\/temoignages\/","og_site_name":"Agami Family Office","article_modified_time":"2019-11-14T09:44:05+00:00","og_image":[{"width":660,"height":660,"url":"https:\/\/agami.com\/content\/uploads\/sites\/3\/2017\/02\/AF-BDP4a.jpg","type":"image\/jpeg"}],"twitter_card":"summary_large_image","schema":{"@context":"https:\/\/schema.org","@graph":[{"@type":"WebPage","@id":"https:\/\/agami.com\/agami-family-office\/temoignages\/","url":"https:\/\/agami.com\/agami-family-office\/temoignages\/","name":"T\u00e9moignages clients - Agami Family Office patrimoine priv\u00e9","isPartOf":{"@id":"https:\/\/agami.com\/agami-family-office\/#website"},"datePublished":"2017-02-08T14:41:35+00:00","dateModified":"2019-11-14T09:44:05+00:00","description":"Notre mission est de r\u00e9pondre aux probl\u00e9matiques de nos clients en leur apportant une pleine satisfaction. Ces t\u00e9moignages sont notre meilleure (...)","breadcrumb":{"@id":"https:\/\/agami.com\/agami-family-office\/temoignages\/#breadcrumb"},"inLanguage":"fr-FR","potentialAction":[{"@type":"ReadAction","target":["https:\/\/agami.com\/agami-family-office\/temoignages\/"]}]},{"@type":"BreadcrumbList","@id":"https:\/\/agami.com\/agami-family-office\/temoignages\/#breadcrumb","itemListElement":[{"@type":"ListItem","position":1,"name":"Accueil","item":"https:\/\/agami.com\/agami-family-office\/"},{"@type":"ListItem","position":2,"name":"T\u00e9moignages clients"}]},{"@type":"WebSite","@id":"https:\/\/agami.com\/agami-family-office\/#website","url":"https:\/\/agami.com\/agami-family-office\/","name":"Agami Family Office","description":"Un site utilisant Agami","potentialAction":[{"@type":"SearchAction","target":{"@type":"EntryPoint","urlTemplate":"https:\/\/agami.com\/agami-family-office\/?s={search_term_string}"},"query-input":"required name=search_term_string"}],"inLanguage":"fr-FR"}]}},"_links":{"self":[{"href":"https:\/\/agami.com\/agami-family-office\/wp-json\/wp\/v2\/pages\/35"}],"collection":[{"href":"https:\/\/agami.com\/agami-family-office\/wp-json\/wp\/v2\/pages"}],"about":[{"href":"https:\/\/agami.com\/agami-family-office\/wp-json\/wp\/v2\/types\/page"}],"author":[{"embeddable":true,"href":"https:\/\/agami.com\/agami-family-office\/wp-json\/wp\/v2\/users\/1"}],"replies":[{"embeddable":true,"href":"https:\/\/agami.com\/agami-family-office\/wp-json\/wp\/v2\/comments?post=35"}],"version-history":[{"count":4,"href":"https:\/\/agami.com\/agami-family-office\/wp-json\/wp\/v2\/pages\/35\/revisions"}],"predecessor-version":[{"id":176,"href":"https:\/\/agami.com\/agami-family-office\/wp-json\/wp\/v2\/pages\/35\/revisions\/176"}],"wp:featuredmedia":[{"embeddable":true,"href":"https:\/\/agami.com\/agami-family-office\/wp-json\/wp\/v2\/media\/105"}],"wp:attachment":[{"href":"https:\/\/agami.com\/agami-family-office\/wp-json\/wp\/v2\/media?parent=35"}],"curies":[{"name":"wp","href":"https:\/\/api.w.org\/{rel}","templated":true}]}}